{"id":92,"date":"2025-12-26T13:29:18","date_gmt":"2025-12-26T13:29:18","guid":{"rendered":"https:\/\/ilc.nrr.temporary.site\/website_8dbe8da4\/?page_id=92"},"modified":"2026-01-10T07:47:26","modified_gmt":"2026-01-10T07:47:26","slug":"services","status":"publish","type":"page","link":"https:\/\/corehealthtr.com\/tr\/services\/","title":{"rendered":"Hizmetler"},"content":{"rendered":"<div data-elementor-type=\"wp-page\" data-elementor-id=\"92\" class=\"elementor elementor-92\" data-elementor-post-type=\"page\">\n\t\t\t\t<div class=\"elementor-element elementor-element-8768590 e-flex e-con-boxed e-con e-parent\" data-id=\"8768590\" data-element_type=\"container\" data-e-type=\"container\">\n\t\t\t\t\t<div class=\"e-con-inner\">\n\t\t<div class=\"elementor-element elementor-element-0d23b45 e-con-full e-flex e-con e-child\" data-id=\"0d23b45\" data-element_type=\"container\" data-e-type=\"container\">\n\t\t\t\t<div class=\"elementor-element elementor-element-d4e658a elementor-widget elementor-widget-heading\" data-id=\"d4e658a\" data-element_type=\"widget\" data-e-type=\"widget\" data-widget_type=\"heading.default\">\n\t\t\t\t\t<h2 class=\"elementor-heading-title elementor-size-default\">Hizmet Ad\u0131mlar\u0131m\u0131z<\/h2>\t\t\t\t<\/div>\n\t\t\t\t<div class=\"elementor-element elementor-element-a8f975a elementor-widget elementor-widget-text-editor\" data-id=\"a8f975a\" data-element_type=\"widget\" data-e-type=\"widget\" data-widget_type=\"text-editor.default\">\n\t\t\t\t\t\t\t\t\t<div class=\"wp-block-stackable-text stk-block-text stk-block stk-a5f08c9\" data-block-id=\"a5f08c9\"><p class=\"stk-block-text__text\"><strong>1. \u00d6n De\u011ferlendirme ve Bilgi Toplama<\/strong><br \/>Ba\u015fvurunuzla ilgili gerekli \u00f6n bilgiler (raporlar, testler, g\u00f6r\u00fcnt\u00fcler vb.) talep edilecektir. Bu belgeler detayl\u0131 bir de\u011ferlendirme i\u00e7in incelenecektir.<\/p><\/div><p><strong>2. Sa\u011fl\u0131k Kurumu ve Doktor Se\u00e7enekleri<\/strong><br \/>Uygun sa\u011fl\u0131k kurumlar\u0131 ve doktor alternatifleri, ortalama fiyat bilgileri ile birlikte size sunulur.<\/p><p><strong>3. T\u00fcrkiye\u2019ye Gelme Karar\u0131 ve Ek Hizmetler<\/strong><br \/>T\u00fcrkiye\u2019ye gelmeye karar verirseniz, ihtiya\u00e7lar\u0131n\u0131za g\u00f6re a\u015fa\u011f\u0131daki hizmetler sunulur:<\/p><p class=\"translation-block\"><strong>Havaalan\u0131 Transferi<\/strong>: T\u00fcrkiye\u2019ye vard\u0131\u011f\u0131n\u0131zda, sizi havaalan\u0131nda kar\u015f\u0131layacak ve konforlu ara\u00e7lar\u0131m\u0131zla bize transfer edileceksiniz. D\u00f6n\u00fc\u015f\u00fcn\u00fczde de ayn\u0131 hizmet sa\u011flanacakt\u0131r.<\/p><p class=\"translation-block\"><strong>Konaklama Hizmetleri:<\/strong> B\u00fct\u00e7enize uygun, konforlu ve g\u00fcvenilir otel se\u00e7enekleri organize edilir.<\/p><p class=\"translation-block\"><strong>Terc\u00fcme Hizmeti:<\/strong> \u0130ngilizce, Frans\u0131zca, \u0130spanyolca, \u00c7ince, Almanca, Rus\u00e7a ve Arap\u00e7a dillerinde profesyonel terc\u00fcmanlar, T\u00fcrkiye\u2019deki konaklaman\u0131z boyunca size e\u015flik edecektir.<\/p><p class=\"translation-block\"><strong>Seyahat ve Ula\u015f\u0131m Hizmetleri:<\/strong> T\u00fcrkiye\u2019nin tarihi ve turistik yerlerini ke\u015ffetmenize yard\u0131mc\u0131 olmak i\u00e7in profesyonel rehberler ve konforlu ara\u00e7larla hizmetinizdeyiz.<\/p><p><strong>4. Tedavi S\u00fcreci<\/strong><br \/>\u0130htiyac\u0131n\u0131z olan tedavi g\u00fcvenli bir \u015fekilde ve en iyi ko\u015fullar alt\u0131nda ger\u00e7ekle\u015ftirilir.<\/p><p><strong>5. Ameliyat Sonras\u0131 Takip<\/strong><br \/>T\u00fcrkiye\u2019den ayr\u0131ld\u0131ktan sonra yaln\u0131z de\u011filsiniz. D\u00fczenli hasta takibi sa\u011flan\u0131r ve doktorunuzla ileti\u015fim g\u00fcvence alt\u0131na al\u0131n\u0131r. T\u00fcm soru ve endi\u015feleriniz i\u00e7in deste\u011fimiz devam eder.<\/p>\t\t\t\t\t\t\t\t<\/div>\n\t\t\t\t<\/div>\n\t\t<div class=\"elementor-element elementor-element-c20df09 e-con-full e-flex e-con e-child\" data-id=\"c20df09\" data-element_type=\"container\" data-e-type=\"container\">\n\t\t\t\t<div class=\"elementor-element elementor-element-8d6d162 elementor-widget elementor-widget-image\" data-id=\"8d6d162\" data-element_type=\"widget\" data-e-type=\"widget\" data-widget_type=\"image.default\">\n\t\t\t\t\t\t\t\t\t\t\t\t\t\t\t<img fetchpriority=\"high\" decoding=\"async\" width=\"646\" height=\"424\" src=\"https:\/\/corehealthtr.com\/wp-content\/uploads\/2025\/12\/SCR-20250207-lpjf.png\" class=\"attachment-large size-large wp-image-283\" alt=\"\" srcset=\"https:\/\/corehealthtr.com\/wp-content\/uploads\/2025\/12\/SCR-20250207-lpjf.png 646w, https:\/\/corehealthtr.com\/wp-content\/uploads\/2025\/12\/SCR-20250207-lpjf-300x197.png 300w\" sizes=\"(max-width: 646px) 100vw, 646px\" \/>\t\t\t\t\t\t\t\t\t\t\t\t\t\t\t<\/div>\n\t\t\t\t<div class=\"elementor-element elementor-element-23b8e8e elementor-widget elementor-widget-image\" data-id=\"23b8e8e\" data-element_type=\"widget\" data-e-type=\"widget\" data-widget_type=\"image.default\">\n\t\t\t\t\t\t\t\t\t\t\t\t\t\t\t<img decoding=\"async\" width=\"1024\" height=\"638\" src=\"https:\/\/corehealthtr.com\/wp-content\/uploads\/2025\/12\/SCR-20250207-lpcu-1024x638.jpeg\" class=\"attachment-large size-large wp-image-284\" alt=\"\" srcset=\"https:\/\/corehealthtr.com\/wp-content\/uploads\/2025\/12\/SCR-20250207-lpcu-1024x638.jpeg 1024w, https:\/\/corehealthtr.com\/wp-content\/uploads\/2025\/12\/SCR-20250207-lpcu-300x187.jpeg 300w, https:\/\/corehealthtr.com\/wp-content\/uploads\/2025\/12\/SCR-20250207-lpcu-768x478.jpeg 768w, https:\/\/corehealthtr.com\/wp-content\/uploads\/2025\/12\/SCR-20250207-lpcu.jpeg 1063w\" sizes=\"(max-width: 1024px) 100vw, 1024px\" \/>\t\t\t\t\t\t\t\t\t\t\t\t\t\t\t<\/div>\n\t\t\t\t<\/div>\n\t\t\t\t\t<\/div>\n\t\t\t\t<\/div>\n\t\t<div class=\"elementor-element elementor-element-680dced e-flex e-con-boxed e-con e-parent\" data-id=\"680dced\" data-element_type=\"container\" data-e-type=\"container\">\n\t\t\t\t\t<div class=\"e-con-inner\">\n\t\t\t\t<div class=\"elementor-element elementor-element-24e7dde elementor-widget elementor-widget-heading\" data-id=\"24e7dde\" data-element_type=\"widget\" data-e-type=\"widget\" data-widget_type=\"heading.default\">\n\t\t\t\t\t<h2 class=\"elementor-heading-title elementor-size-default\">Corehealthtr Sa\u011fl\u0131k Turizmi Ajans\u0131<\/h2>\t\t\t\t<\/div>\n\t\t\t\t<div class=\"elementor-element elementor-element-3d09fd3 elementor-widget elementor-widget-heading\" data-id=\"3d09fd3\" data-element_type=\"widget\" data-e-type=\"widget\" data-widget_type=\"heading.default\">\n\t\t\t\t\t<p class=\"elementor-heading-title elementor-size-default\">Corehealthtr Health Tourism Agency is committed to connecting individuals with the highest level of medical care in Turkey. By partnering with internationally renowned hospitals and renowned specialists, we offer advanced treatments at affordable prices without compromising quality. \n<\/p>\t\t\t\t<\/div>\n\t\t<div class=\"elementor-element elementor-element-1fd575f e-con-full e-flex e-con e-child\" data-id=\"1fd575f\" data-element_type=\"container\" data-e-type=\"container\">\n\t\t<div class=\"elementor-element elementor-element-c446093 e-con-full e-flex e-con e-child\" data-id=\"c446093\" data-element_type=\"container\" data-e-type=\"container\">\n\t\t\t\t<div class=\"elementor-element elementor-element-cb56582 elementor-widget elementor-widget-image\" data-id=\"cb56582\" data-element_type=\"widget\" data-e-type=\"widget\" data-widget_type=\"image.default\">\n\t\t\t\t\t\t\t\t\t\t\t\t\t\t\t<img decoding=\"async\" width=\"300\" height=\"272\" src=\"https:\/\/corehealthtr.com\/wp-content\/uploads\/2025\/12\/plastic-surgery-removebg-preview-300x272-1.png\" class=\"attachment-large size-large wp-image-231\" alt=\"\" \/>\t\t\t\t\t\t\t\t\t\t\t\t\t\t\t<\/div>\n\t\t\t\t<div class=\"elementor-element elementor-element-d78e7bb elementor-widget elementor-widget-text-editor\" data-id=\"d78e7bb\" data-element_type=\"widget\" data-e-type=\"widget\" data-widget_type=\"text-editor.default\">\n\t\t\t\t\t\t\t\t\t<div class=\"wp-block-stackable-column stk-block-column stk-column stk-block stk-5e4b88a stk-block-background\" data-v=\"4\" data-block-id=\"5e4b88a\"><div class=\"stk-column-wrapper stk-block-column__content stk-container stk-5e4b88a-container stk--no-background stk--no-padding\"><div class=\"stk-block-content stk-inner-blocks stk-5e4b88a-inner-blocks\"><div class=\"wp-block-stackable-text stk-block-text stk-block stk-ff2f4dc\" data-block-id=\"ff2f4dc\"><h4 class=\"stk-block-text__text has-text-color has-text-align-center\">Plastik ve Rekonstr\u00fcktif Cerrahi<\/h4><\/div><\/div><\/div><\/div>\t\t\t\t\t\t\t\t<\/div>\n\t\t\t\t<\/div>\n\t\t<div class=\"elementor-element elementor-element-6dc074e e-con-full e-flex e-con e-child\" data-id=\"6dc074e\" data-element_type=\"container\" data-e-type=\"container\">\n\t\t\t\t<div class=\"elementor-element elementor-element-33d4f31 elementor-widget elementor-widget-image\" data-id=\"33d4f31\" data-element_type=\"widget\" data-e-type=\"widget\" data-widget_type=\"image.default\">\n\t\t\t\t\t\t\t\t\t\t\t\t\t\t\t<img loading=\"lazy\" decoding=\"async\" width=\"300\" height=\"272\" src=\"https:\/\/corehealthtr.com\/wp-content\/uploads\/2025\/12\/dental-removebg-preview-2-300x272-1.png\" class=\"attachment-large size-large wp-image-230\" alt=\"\" \/>\t\t\t\t\t\t\t\t\t\t\t\t\t\t\t<\/div>\n\t\t\t\t<div class=\"elementor-element elementor-element-cbeab32 elementor-widget elementor-widget-text-editor\" data-id=\"cbeab32\" data-element_type=\"widget\" data-e-type=\"widget\" data-widget_type=\"text-editor.default\">\n\t\t\t\t\t\t\t\t\t<div class=\"wp-block-stackable-column stk-block-column stk-column stk-block stk-5e4b88a stk-block-background\" data-v=\"4\" data-block-id=\"5e4b88a\"><div class=\"stk-column-wrapper stk-block-column__content stk-container stk-5e4b88a-container stk--no-background stk--no-padding\"><div class=\"stk-block-content stk-inner-blocks stk-5e4b88a-inner-blocks\"><div class=\"wp-block-stackable-text stk-block-text stk-block stk-ff2f4dc\" data-block-id=\"ff2f4dc\"><h4>Di\u015f Tedavileri ve Di\u015f Cerrahileri<\/h4><\/div><\/div><\/div><\/div>\t\t\t\t\t\t\t\t<\/div>\n\t\t\t\t<\/div>\n\t\t<div class=\"elementor-element elementor-element-35b1559 e-con-full e-flex e-con e-child\" data-id=\"35b1559\" data-element_type=\"container\" data-e-type=\"container\">\n\t\t\t\t<div class=\"elementor-element elementor-element-4eb1a56 elementor-widget elementor-widget-image\" data-id=\"4eb1a56\" data-element_type=\"widget\" data-e-type=\"widget\" data-widget_type=\"image.default\">\n\t\t\t\t\t\t\t\t\t\t\t\t\t\t\t<img loading=\"lazy\" decoding=\"async\" width=\"300\" height=\"272\" src=\"https:\/\/corehealthtr.com\/wp-content\/uploads\/2025\/12\/hair-transplant-removebg-preview-300x272-1.png\" class=\"attachment-large size-large wp-image-229\" alt=\"\" \/>\t\t\t\t\t\t\t\t\t\t\t\t\t\t\t<\/div>\n\t\t\t\t<div class=\"elementor-element elementor-element-0641f6f elementor-widget elementor-widget-text-editor\" data-id=\"0641f6f\" data-element_type=\"widget\" data-e-type=\"widget\" data-widget_type=\"text-editor.default\">\n\t\t\t\t\t\t\t\t\t<div class=\"wp-block-stackable-column stk-block-column stk-column stk-block stk-5e4b88a stk-block-background\" data-v=\"4\" data-block-id=\"5e4b88a\"><div class=\"stk-column-wrapper stk-block-column__content stk-container stk-5e4b88a-container stk--no-background stk--no-padding\"><div class=\"stk-block-content stk-inner-blocks stk-5e4b88a-inner-blocks\"><div class=\"wp-block-stackable-text stk-block-text stk-block stk-ff2f4dc\" data-block-id=\"ff2f4dc\"><div class=\"wp-block-stackable-columns stk-block-columns stk-block stk-0424d8f\" data-block-id=\"0424d8f\"><div class=\"stk-row stk-inner-blocks stk-block-content stk-content-align stk-0424d8f-column\"><div class=\"wp-block-stackable-column stk-block-column stk-column stk-block stk-9c762e4\" data-v=\"4\" data-block-id=\"9c762e4\"><div class=\"stk-column-wrapper stk-block-column__content stk-container stk-9c762e4-container stk--no-background stk--no-padding\"><div class=\"stk-block-content stk-inner-blocks stk-9c762e4-inner-blocks\"><div class=\"wp-block-stackable-columns stk-block-columns stk-block stk-eef1e4d\" data-block-id=\"eef1e4d\"><div class=\"stk-row stk-inner-blocks has-text-align-center stk--block-align-eef1e4d stk-block-content stk-content-align stk-eef1e4d-column\"><div class=\"wp-block-stackable-column stk-block-column stk-column stk-block stk-b2488d3 stk-block-background\" data-v=\"4\" data-block-id=\"b2488d3\"><div class=\"stk-column-wrapper stk-block-column__content stk-container stk-b2488d3-container stk--no-background stk--no-padding\"><div class=\"stk-block-content stk-inner-blocks stk-b2488d3-inner-blocks\"><div class=\"wp-block-stackable-text stk-block-text stk-block stk-d7d7ea4\" data-block-id=\"d7d7ea4\"><h4 class=\"stk-block-text__text has-text-color has-text-align-center\">Sa\u00e7 Ekimi<\/h4><\/div><\/div><\/div><\/div><\/div><\/div><\/div><\/div><\/div><\/div><\/div><\/div><\/div><\/div><\/div>\t\t\t\t\t\t\t\t<\/div>\n\t\t\t\t<\/div>\n\t\t\t\t<\/div>\n\t\t\t\t\t<\/div>\n\t\t\t\t<\/div>\n\t\t\t\t<\/div>","protected":false},"excerpt":{"rendered":"<p>Our Service Steps 1. Preliminary Assessment and Information GatheringNecessary preliminary information (reports, tests, images, etc.) regarding your application will be requested. These documents will be reviewed for a detailed evaluation. 2. Healthcare Institution and Physician OptionsSuitable healthcare institutions and physician alternatives are presented to you along with average price information. 3. Decision to Come to [&hellip;]<\/p>","protected":false},"author":1,"featured_media":0,"parent":0,"menu_order":0,"comment_status":"closed","ping_status":"closed","template":"","meta":{"footnotes":""},"class_list":["post-92","page","type-page","status-publish","hentry"],"blocksy_meta":{"has_hero_section":"disabled","styles_descriptor":{"styles":{"desktop":"","tablet":"","mobile":""},"google_fonts":[],"version":6}},"_links":{"self":[{"href":"https:\/\/corehealthtr.com\/tr\/wp-json\/wp\/v2\/pages\/92","targetHints":{"allow":["GET"]}}],"collection":[{"href":"https:\/\/corehealthtr.com\/tr\/wp-json\/wp\/v2\/pages"}],"about":[{"href":"https:\/\/corehealthtr.com\/tr\/wp-json\/wp\/v2\/types\/page"}],"author":[{"embeddable":true,"href":"https:\/\/corehealthtr.com\/tr\/wp-json\/wp\/v2\/users\/1"}],"replies":[{"embeddable":true,"href":"https:\/\/corehealthtr.com\/tr\/wp-json\/wp\/v2\/comments?post=92"}],"version-history":[{"count":16,"href":"https:\/\/corehealthtr.com\/tr\/wp-json\/wp\/v2\/pages\/92\/revisions"}],"predecessor-version":[{"id":334,"href":"https:\/\/corehealthtr.com\/tr\/wp-json\/wp\/v2\/pages\/92\/revisions\/334"}],"wp:attachment":[{"href":"https:\/\/corehealthtr.com\/tr\/wp-json\/wp\/v2\/media?parent=92"}],"curies":[{"name":"wp","href":"https:\/\/api.w.org\/{rel}","templated":true}]}}