{"id":92,"date":"2025-12-26T13:29:18","date_gmt":"2025-12-26T13:29:18","guid":{"rendered":"https:\/\/ilc.nrr.temporary.site\/website_8dbe8da4\/?page_id=92"},"modified":"2026-01-10T07:47:26","modified_gmt":"2026-01-10T07:47:26","slug":"services","status":"publish","type":"page","link":"https:\/\/corehealthtr.com\/fr\/services\/","title":{"rendered":"Services"},"content":{"rendered":"<div data-elementor-type=\"wp-page\" data-elementor-id=\"92\" class=\"elementor elementor-92\" data-elementor-post-type=\"page\">\n\t\t\t\t<div class=\"elementor-element elementor-element-8768590 e-flex e-con-boxed e-con e-parent\" data-id=\"8768590\" data-element_type=\"container\" data-e-type=\"container\">\n\t\t\t\t\t<div class=\"e-con-inner\">\n\t\t<div class=\"elementor-element elementor-element-0d23b45 e-con-full e-flex e-con e-child\" data-id=\"0d23b45\" data-element_type=\"container\" data-e-type=\"container\">\n\t\t\t\t<div class=\"elementor-element elementor-element-d4e658a elementor-widget elementor-widget-heading\" data-id=\"d4e658a\" data-element_type=\"widget\" data-e-type=\"widget\" data-widget_type=\"heading.default\">\n\t\t\t\t\t<h2 class=\"elementor-heading-title elementor-size-default\">Nos \u00e9tapes de service<\/h2>\t\t\t\t<\/div>\n\t\t\t\t<div class=\"elementor-element elementor-element-a8f975a elementor-widget elementor-widget-text-editor\" data-id=\"a8f975a\" data-element_type=\"widget\" data-e-type=\"widget\" data-widget_type=\"text-editor.default\">\n\t\t\t\t\t\t\t\t\t<div class=\"wp-block-stackable-text stk-block-text stk-block stk-a5f08c9\" data-block-id=\"a5f08c9\"><p class=\"stk-block-text__text\"><strong>1. \u00c9valuation pr\u00e9liminaire et collecte d\u2019informations<\/strong><br \/>Les informations pr\u00e9liminaires n\u00e9cessaires (rapports, analyses, images, etc.) concernant votre demande seront demand\u00e9es. Ces documents seront examin\u00e9s pour une \u00e9valuation d\u00e9taill\u00e9e.<\/p><\/div><p><strong>2. Options d\u2019\u00e9tablissement de sant\u00e9 et de m\u00e9decin<\/strong><br \/>Les \u00e9tablissements de sant\u00e9 et les alternatives de m\u00e9decins appropri\u00e9s vous sont pr\u00e9sent\u00e9s, accompagn\u00e9s d\u2019informations sur les prix moyens.<\/p><p><strong>3. D\u00e9cision de venir en Turquie et services suppl\u00e9mentaires<\/strong><br \/>Si vous d\u00e9cidez de venir en Turquie, les services suivants vous seront propos\u00e9s en fonction de vos besoins :<\/p><p class=\"translation-block\"><strong>Transfert a\u00e9roport<\/strong> : \u00c0 votre arriv\u00e9e en Turquie, vous serez accueilli \u00e0 l\u2019a\u00e9roport et transf\u00e9r\u00e9 chez nous dans nos v\u00e9hicules confortables. Au retour, vous b\u00e9n\u00e9ficierez du m\u00eame service.<\/p><p class=\"translation-block\"><strong>Services d\u2019h\u00e9bergement :<\/strong> Des options d\u2019h\u00f4tels confortables et fiables, adapt\u00e9es \u00e0 votre budget, sont organis\u00e9es.<\/p><p class=\"translation-block\"><strong>Service de traduction :<\/strong> Des traducteurs professionnels en anglais, fran\u00e7ais, espagnol, chinois, allemand, russe et arabe vous accompagneront pendant votre s\u00e9jour en Turquie.<\/p><p class=\"translation-block\"><strong>Services de voyage et de transport :<\/strong> Nous sommes \u00e0 votre service avec des guides professionnels et des v\u00e9hicules confortables pour vous aider \u00e0 d\u00e9couvrir les sites historiques et touristiques de la Turquie.<\/p><p><strong>4. Processus de traitement<\/strong><br \/>Le traitement dont vous avez besoin est effectu\u00e9 en toute s\u00e9curit\u00e9 et dans les meilleures conditions.<\/p><p><strong>5. Suivi postop\u00e9ratoire<\/strong><br \/>Vous n\u2019\u00eates pas seul apr\u00e8s votre d\u00e9part de Turquie. Un suivi r\u00e9gulier des patients est assur\u00e9 et la communication avec votre m\u00e9decin est maintenue. Nous continuons \u00e0 vous apporter un soutien pour toutes vos questions et pr\u00e9occupations.<\/p>\t\t\t\t\t\t\t\t<\/div>\n\t\t\t\t<\/div>\n\t\t<div class=\"elementor-element elementor-element-c20df09 e-con-full e-flex e-con e-child\" data-id=\"c20df09\" data-element_type=\"container\" data-e-type=\"container\">\n\t\t\t\t<div class=\"elementor-element elementor-element-8d6d162 elementor-widget elementor-widget-image\" data-id=\"8d6d162\" data-element_type=\"widget\" data-e-type=\"widget\" data-widget_type=\"image.default\">\n\t\t\t\t\t\t\t\t\t\t\t\t\t\t\t<img fetchpriority=\"high\" decoding=\"async\" width=\"646\" height=\"424\" src=\"https:\/\/corehealthtr.com\/wp-content\/uploads\/2025\/12\/SCR-20250207-lpjf.png\" class=\"attachment-large size-large wp-image-283\" alt=\"\" srcset=\"https:\/\/corehealthtr.com\/wp-content\/uploads\/2025\/12\/SCR-20250207-lpjf.png 646w, https:\/\/corehealthtr.com\/wp-content\/uploads\/2025\/12\/SCR-20250207-lpjf-300x197.png 300w\" sizes=\"(max-width: 646px) 100vw, 646px\" \/>\t\t\t\t\t\t\t\t\t\t\t\t\t\t\t<\/div>\n\t\t\t\t<div class=\"elementor-element elementor-element-23b8e8e elementor-widget elementor-widget-image\" data-id=\"23b8e8e\" data-element_type=\"widget\" data-e-type=\"widget\" data-widget_type=\"image.default\">\n\t\t\t\t\t\t\t\t\t\t\t\t\t\t\t<img decoding=\"async\" width=\"1024\" height=\"638\" src=\"https:\/\/corehealthtr.com\/wp-content\/uploads\/2025\/12\/SCR-20250207-lpcu-1024x638.jpeg\" class=\"attachment-large size-large wp-image-284\" alt=\"\" srcset=\"https:\/\/corehealthtr.com\/wp-content\/uploads\/2025\/12\/SCR-20250207-lpcu-1024x638.jpeg 1024w, https:\/\/corehealthtr.com\/wp-content\/uploads\/2025\/12\/SCR-20250207-lpcu-300x187.jpeg 300w, https:\/\/corehealthtr.com\/wp-content\/uploads\/2025\/12\/SCR-20250207-lpcu-768x478.jpeg 768w, https:\/\/corehealthtr.com\/wp-content\/uploads\/2025\/12\/SCR-20250207-lpcu.jpeg 1063w\" sizes=\"(max-width: 1024px) 100vw, 1024px\" \/>\t\t\t\t\t\t\t\t\t\t\t\t\t\t\t<\/div>\n\t\t\t\t<\/div>\n\t\t\t\t\t<\/div>\n\t\t\t\t<\/div>\n\t\t<div class=\"elementor-element elementor-element-680dced e-flex e-con-boxed e-con e-parent\" data-id=\"680dced\" data-element_type=\"container\" data-e-type=\"container\">\n\t\t\t\t\t<div class=\"e-con-inner\">\n\t\t\t\t<div class=\"elementor-element elementor-element-24e7dde elementor-widget elementor-widget-heading\" data-id=\"24e7dde\" data-element_type=\"widget\" data-e-type=\"widget\" data-widget_type=\"heading.default\">\n\t\t\t\t\t<h2 class=\"elementor-heading-title elementor-size-default\">Agence de tourisme m\u00e9dical Corehealthtr<\/h2>\t\t\t\t<\/div>\n\t\t\t\t<div class=\"elementor-element elementor-element-3d09fd3 elementor-widget elementor-widget-heading\" data-id=\"3d09fd3\" data-element_type=\"widget\" data-e-type=\"widget\" data-widget_type=\"heading.default\">\n\t\t\t\t\t<p class=\"elementor-heading-title elementor-size-default\">Corehealthtr Health Tourism Agency is committed to connecting individuals with the highest level of medical care in Turkey. By partnering with internationally renowned hospitals and renowned specialists, we offer advanced treatments at affordable prices without compromising quality. \n<\/p>\t\t\t\t<\/div>\n\t\t<div class=\"elementor-element elementor-element-1fd575f e-con-full e-flex e-con e-child\" data-id=\"1fd575f\" data-element_type=\"container\" data-e-type=\"container\">\n\t\t<div class=\"elementor-element elementor-element-c446093 e-con-full e-flex e-con e-child\" data-id=\"c446093\" data-element_type=\"container\" data-e-type=\"container\">\n\t\t\t\t<div class=\"elementor-element elementor-element-cb56582 elementor-widget elementor-widget-image\" data-id=\"cb56582\" data-element_type=\"widget\" data-e-type=\"widget\" data-widget_type=\"image.default\">\n\t\t\t\t\t\t\t\t\t\t\t\t\t\t\t<img decoding=\"async\" width=\"300\" height=\"272\" src=\"https:\/\/corehealthtr.com\/wp-content\/uploads\/2025\/12\/plastic-surgery-removebg-preview-300x272-1.png\" class=\"attachment-large size-large wp-image-231\" alt=\"\" \/>\t\t\t\t\t\t\t\t\t\t\t\t\t\t\t<\/div>\n\t\t\t\t<div class=\"elementor-element elementor-element-d78e7bb elementor-widget elementor-widget-text-editor\" data-id=\"d78e7bb\" data-element_type=\"widget\" data-e-type=\"widget\" data-widget_type=\"text-editor.default\">\n\t\t\t\t\t\t\t\t\t<div class=\"wp-block-stackable-column stk-block-column stk-column stk-block stk-5e4b88a stk-block-background\" data-v=\"4\" data-block-id=\"5e4b88a\"><div class=\"stk-column-wrapper stk-block-column__content stk-container stk-5e4b88a-container stk--no-background stk--no-padding\"><div class=\"stk-block-content stk-inner-blocks stk-5e4b88a-inner-blocks\"><div class=\"wp-block-stackable-text stk-block-text stk-block stk-ff2f4dc\" data-block-id=\"ff2f4dc\"><h4 class=\"stk-block-text__text has-text-color has-text-align-center\">Chirurgie plastique et reconstructive<\/h4><\/div><\/div><\/div><\/div>\t\t\t\t\t\t\t\t<\/div>\n\t\t\t\t<\/div>\n\t\t<div class=\"elementor-element elementor-element-6dc074e e-con-full e-flex e-con e-child\" data-id=\"6dc074e\" data-element_type=\"container\" data-e-type=\"container\">\n\t\t\t\t<div class=\"elementor-element elementor-element-33d4f31 elementor-widget elementor-widget-image\" data-id=\"33d4f31\" data-element_type=\"widget\" data-e-type=\"widget\" data-widget_type=\"image.default\">\n\t\t\t\t\t\t\t\t\t\t\t\t\t\t\t<img loading=\"lazy\" decoding=\"async\" width=\"300\" height=\"272\" src=\"https:\/\/corehealthtr.com\/wp-content\/uploads\/2025\/12\/dental-removebg-preview-2-300x272-1.png\" class=\"attachment-large size-large wp-image-230\" alt=\"\" \/>\t\t\t\t\t\t\t\t\t\t\t\t\t\t\t<\/div>\n\t\t\t\t<div class=\"elementor-element elementor-element-cbeab32 elementor-widget elementor-widget-text-editor\" data-id=\"cbeab32\" data-element_type=\"widget\" data-e-type=\"widget\" data-widget_type=\"text-editor.default\">\n\t\t\t\t\t\t\t\t\t<div class=\"wp-block-stackable-column stk-block-column stk-column stk-block stk-5e4b88a stk-block-background\" data-v=\"4\" data-block-id=\"5e4b88a\"><div class=\"stk-column-wrapper stk-block-column__content stk-container stk-5e4b88a-container stk--no-background stk--no-padding\"><div class=\"stk-block-content stk-inner-blocks stk-5e4b88a-inner-blocks\"><div class=\"wp-block-stackable-text stk-block-text stk-block stk-ff2f4dc\" data-block-id=\"ff2f4dc\"><h4>Soins dentaires et chirurgies dentaires<\/h4><\/div><\/div><\/div><\/div>\t\t\t\t\t\t\t\t<\/div>\n\t\t\t\t<\/div>\n\t\t<div class=\"elementor-element elementor-element-35b1559 e-con-full e-flex e-con e-child\" data-id=\"35b1559\" data-element_type=\"container\" data-e-type=\"container\">\n\t\t\t\t<div class=\"elementor-element elementor-element-4eb1a56 elementor-widget elementor-widget-image\" data-id=\"4eb1a56\" data-element_type=\"widget\" data-e-type=\"widget\" data-widget_type=\"image.default\">\n\t\t\t\t\t\t\t\t\t\t\t\t\t\t\t<img loading=\"lazy\" decoding=\"async\" width=\"300\" height=\"272\" src=\"https:\/\/corehealthtr.com\/wp-content\/uploads\/2025\/12\/hair-transplant-removebg-preview-300x272-1.png\" class=\"attachment-large size-large wp-image-229\" alt=\"\" \/>\t\t\t\t\t\t\t\t\t\t\t\t\t\t\t<\/div>\n\t\t\t\t<div class=\"elementor-element elementor-element-0641f6f elementor-widget elementor-widget-text-editor\" data-id=\"0641f6f\" data-element_type=\"widget\" data-e-type=\"widget\" data-widget_type=\"text-editor.default\">\n\t\t\t\t\t\t\t\t\t<div class=\"wp-block-stackable-column stk-block-column stk-column stk-block stk-5e4b88a stk-block-background\" data-v=\"4\" data-block-id=\"5e4b88a\"><div class=\"stk-column-wrapper stk-block-column__content stk-container stk-5e4b88a-container stk--no-background stk--no-padding\"><div class=\"stk-block-content stk-inner-blocks stk-5e4b88a-inner-blocks\"><div class=\"wp-block-stackable-text stk-block-text stk-block stk-ff2f4dc\" data-block-id=\"ff2f4dc\"><div class=\"wp-block-stackable-columns stk-block-columns stk-block stk-0424d8f\" data-block-id=\"0424d8f\"><div class=\"stk-row stk-inner-blocks stk-block-content stk-content-align stk-0424d8f-column\"><div class=\"wp-block-stackable-column stk-block-column stk-column stk-block stk-9c762e4\" data-v=\"4\" data-block-id=\"9c762e4\"><div class=\"stk-column-wrapper stk-block-column__content stk-container stk-9c762e4-container stk--no-background stk--no-padding\"><div class=\"stk-block-content stk-inner-blocks stk-9c762e4-inner-blocks\"><div class=\"wp-block-stackable-columns stk-block-columns stk-block stk-eef1e4d\" data-block-id=\"eef1e4d\"><div class=\"stk-row stk-inner-blocks has-text-align-center stk--block-align-eef1e4d stk-block-content stk-content-align stk-eef1e4d-column\"><div class=\"wp-block-stackable-column stk-block-column stk-column stk-block stk-b2488d3 stk-block-background\" data-v=\"4\" data-block-id=\"b2488d3\"><div class=\"stk-column-wrapper stk-block-column__content stk-container stk-b2488d3-container stk--no-background stk--no-padding\"><div class=\"stk-block-content stk-inner-blocks stk-b2488d3-inner-blocks\"><div class=\"wp-block-stackable-text stk-block-text stk-block stk-d7d7ea4\" data-block-id=\"d7d7ea4\"><h4 class=\"stk-block-text__text has-text-color has-text-align-center\">Greffe de cheveux<\/h4><\/div><\/div><\/div><\/div><\/div><\/div><\/div><\/div><\/div><\/div><\/div><\/div><\/div><\/div><\/div>\t\t\t\t\t\t\t\t<\/div>\n\t\t\t\t<\/div>\n\t\t\t\t<\/div>\n\t\t\t\t\t<\/div>\n\t\t\t\t<\/div>\n\t\t\t\t<\/div>","protected":false},"excerpt":{"rendered":"<p>Our Service Steps 1. Preliminary Assessment and Information GatheringNecessary preliminary information (reports, tests, images, etc.) regarding your application will be requested. These documents will be reviewed for a detailed evaluation. 2. Healthcare Institution and Physician OptionsSuitable healthcare institutions and physician alternatives are presented to you along with average price information. 3. Decision to Come to [&hellip;]<\/p>","protected":false},"author":1,"featured_media":0,"parent":0,"menu_order":0,"comment_status":"closed","ping_status":"closed","template":"","meta":{"footnotes":""},"class_list":["post-92","page","type-page","status-publish","hentry"],"blocksy_meta":{"has_hero_section":"disabled","styles_descriptor":{"styles":{"desktop":"","tablet":"","mobile":""},"google_fonts":[],"version":6}},"_links":{"self":[{"href":"https:\/\/corehealthtr.com\/fr\/wp-json\/wp\/v2\/pages\/92","targetHints":{"allow":["GET"]}}],"collection":[{"href":"https:\/\/corehealthtr.com\/fr\/wp-json\/wp\/v2\/pages"}],"about":[{"href":"https:\/\/corehealthtr.com\/fr\/wp-json\/wp\/v2\/types\/page"}],"author":[{"embeddable":true,"href":"https:\/\/corehealthtr.com\/fr\/wp-json\/wp\/v2\/users\/1"}],"replies":[{"embeddable":true,"href":"https:\/\/corehealthtr.com\/fr\/wp-json\/wp\/v2\/comments?post=92"}],"version-history":[{"count":16,"href":"https:\/\/corehealthtr.com\/fr\/wp-json\/wp\/v2\/pages\/92\/revisions"}],"predecessor-version":[{"id":334,"href":"https:\/\/corehealthtr.com\/fr\/wp-json\/wp\/v2\/pages\/92\/revisions\/334"}],"wp:attachment":[{"href":"https:\/\/corehealthtr.com\/fr\/wp-json\/wp\/v2\/media?parent=92"}],"curies":[{"name":"wp","href":"https:\/\/api.w.org\/{rel}","templated":true}]}}